{"id":417,"date":"2025-03-06T11:50:16","date_gmt":"2025-03-06T11:50:16","guid":{"rendered":"https:\/\/scuolaitaliana.cz\/?page_id=417"},"modified":"2026-01-27T13:50:05","modified_gmt":"2026-01-27T13:50:05","slug":"kurzy","status":"publish","type":"page","link":"https:\/\/scuolaitaliana.cz\/it\/kurzy\/","title":{"rendered":"Corsi"},"content":{"rendered":"<div data-elementor-type=\"wp-page\" data-elementor-id=\"417\" class=\"elementor elementor-417\" data-elementor-post-type=\"page\">\n\t\t\t\t<div class=\"elementor-element elementor-element-d56f818 e-flex e-con-boxed e-con e-parent\" data-id=\"d56f818\" data-element_type=\"container\">\n\t\t\t\t\t<div class=\"e-con-inner\">\n\t\t\t\t<div class=\"elementor-element elementor-element-619e14b elementor-widget elementor-widget-heading\" data-id=\"619e14b\" data-element_type=\"widget\" data-widget_type=\"heading.default\">\n\t\t\t\t<div class=\"elementor-widget-container\">\n\t\t\t\t\t<h1 class=\"elementor-heading-title elementor-size-default\">Corsi<\/h1>\t\t\t\t<\/div>\n\t\t\t\t<\/div>\n\t\t\t\t<div class=\"elementor-element elementor-element-cc1d156 elementor-widget elementor-widget-heading\" data-id=\"cc1d156\" data-element_type=\"widget\" data-widget_type=\"heading.default\">\n\t\t\t\t<div class=\"elementor-widget-container\">\n\t\t\t\t\t<h5 class=\"elementor-heading-title elementor-size-default\">Scegli tra i tre tipi di corsi che offriamo<\/h5>\t\t\t\t<\/div>\n\t\t\t\t<\/div>\n\t\t<div class=\"elementor-element elementor-element-c7da00a e-con-full e-flex e-con e-child\" data-id=\"c7da00a\" data-element_type=\"container\">\n\t\t<div class=\"elementor-element elementor-element-c7a5103 e-con-full e-flex e-con e-child\" data-id=\"c7a5103\" data-element_type=\"container\" data-settings=\"{&quot;background_background&quot;:&quot;classic&quot;}\">\n\t\t\t\t<div class=\"elementor-element elementor-element-39adb01 elementor-widget elementor-widget-image\" data-id=\"39adb01\" data-element_type=\"widget\" data-widget_type=\"image.default\">\n\t\t\t\t<div class=\"elementor-widget-container\">\n\t\t\t\t\t\t\t\t\t\t\t\t\t\t\t<img fetchpriority=\"high\" decoding=\"async\" width=\"600\" height=\"500\" src=\"https:\/\/scuolaitaliana.cz\/wp-content\/uploads\/2025\/04\/nursery-school-2.jpg\" class=\"attachment-large size-large wp-image-716\" alt=\"\" srcset=\"https:\/\/scuolaitaliana.cz\/wp-content\/uploads\/2025\/04\/nursery-school-2.jpg 600w, https:\/\/scuolaitaliana.cz\/wp-content\/uploads\/2025\/04\/nursery-school-2-300x250.jpg 300w\" sizes=\"(max-width: 600px) 100vw, 600px\" \/>\t\t\t\t\t\t\t\t\t\t\t\t\t\t\t<\/div>\n\t\t\t\t<\/div>\n\t\t\t\t<div class=\"elementor-element elementor-element-558edb4 elementor-widget elementor-widget-text-editor\" data-id=\"558edb4\" data-element_type=\"widget\" data-widget_type=\"text-editor.default\">\n\t\t\t\t<div class=\"elementor-widget-container\">\n\t\t\t\t\t\t\t\t\t<div style=\"margin-top: 5px; font-size: 16px; padding-left: 40px; padding-right: 40px;\"><div style=\"color: white; font-weight: 600; font-size: 22px;\">Scuola materna<\/div><div style=\"font-weight: 600; padding-top: 10px; color: white;\">dove:<\/div><div style=\"margin-top: -5px; color: white;\">Ha\u0161talsk\u00e1 757\/21, 110 00 Praga 1<\/div><div style=\"color: white; margin-top: 15px; font-weight: 600;\">orario:<\/div><div style=\"color: white; margin-top: -5px;\">Venerd\u00ec dalle 16:00 alle 18:00<\/div><div style=\"color: white; font-weight: 600; margin-top: 15px;\">insegnanti:<\/div><div style=\"margin-top: -5px; color: white;\">Dott.ssa Alessandra Barone a Dott.ssa Claudia Cimini<\/div><div style=\"color: white; padding-top: 15px;\">Previo accordo, \u00e8 possibile iscriversi ai corsi anche dopo l'inizio dell'anno scolastico.<\/div><\/div>\t\t\t\t\t\t\t\t<\/div>\n\t\t\t\t<\/div>\n\t\t\t\t<div class=\"elementor-element elementor-element-641819e elementor-align-center elementor-widget-mobile__width-inherit elementor-invisible elementor-widget elementor-widget-button\" data-id=\"641819e\" data-element_type=\"widget\" data-settings=\"{&quot;_animation&quot;:&quot;fadeInDown&quot;}\" data-widget_type=\"button.default\">\n\t\t\t\t<div class=\"elementor-widget-container\">\n\t\t\t\t\t\t\t\t\t<div class=\"elementor-button-wrapper\">\n\t\t\t\t\t<a class=\"elementor-button elementor-button-link elementor-size-sm\" href=\"https:\/\/scuolaitaliana.cz\/it\/membership\/#ziskat-clenstvi\" id=\"detail-clenstvi\">\n\t\t\t\t\t\t<span class=\"elementor-button-content-wrapper\">\n\t\t\t\t\t\t\t\t\t<span class=\"elementor-button-text\">Dettagli<\/span>\n\t\t\t\t\t<\/span>\n\t\t\t\t\t<\/a>\n\t\t\t\t<\/div>\n\t\t\t\t\t\t\t\t<\/div>\n\t\t\t\t<\/div>\n\t\t\t\t<\/div>\n\t\t<div class=\"elementor-element elementor-element-2ae4e07 e-con-full e-flex e-con e-child\" data-id=\"2ae4e07\" data-element_type=\"container\" data-settings=\"{&quot;background_background&quot;:&quot;classic&quot;}\">\n\t\t\t\t<div class=\"elementor-element elementor-element-3d57c53 elementor-widget elementor-widget-image\" data-id=\"3d57c53\" data-element_type=\"widget\" data-widget_type=\"image.default\">\n\t\t\t\t<div class=\"elementor-widget-container\">\n\t\t\t\t\t\t\t\t\t\t\t\t\t\t\t<img decoding=\"async\" width=\"600\" height=\"500\" src=\"https:\/\/scuolaitaliana.cz\/wp-content\/uploads\/2025\/04\/basic-school.jpg\" class=\"attachment-large size-large wp-image-723\" alt=\"\" srcset=\"https:\/\/scuolaitaliana.cz\/wp-content\/uploads\/2025\/04\/basic-school.jpg 600w, https:\/\/scuolaitaliana.cz\/wp-content\/uploads\/2025\/04\/basic-school-300x250.jpg 300w\" sizes=\"(max-width: 600px) 100vw, 600px\" \/>\t\t\t\t\t\t\t\t\t\t\t\t\t\t\t<\/div>\n\t\t\t\t<\/div>\n\t\t\t\t<div class=\"elementor-element elementor-element-52d3850 elementor-widget elementor-widget-text-editor\" data-id=\"52d3850\" data-element_type=\"widget\" data-widget_type=\"text-editor.default\">\n\t\t\t\t<div class=\"elementor-widget-container\">\n\t\t\t\t\t\t\t\t\t<div style=\"margin-top: 5px; font-size: 16px; padding-left: 40px; padding-right: 40px;\"><div style=\"color: white; font-weight: 600; font-size: 22px;\">Scuola elementare e media<\/div><div style=\"color: white; font-weight: 600; padding-top: 10px;\">dove:<\/div><div style=\"color: white; margin-top: -5px;\">Letensk\u00e9 n\u00e1m. 1, 170 00 Praga 7<\/div><div style=\"color: white; margin-top: 15px; font-weight: 600;\">orario:<\/div><div style=\"color: white; margin-top: -5px;\">luned\u00ec e mercoled\u00ec dalle 16:00 alle 18:00<\/div><div style=\"color: white; font-weight: 600; margin-top: 15px;\">insegnanti:<\/div><div style=\"color: white; margin-top: -20px;\"><ul><li>scuola elementare \u2013 Dott.ssa Margherita Locuratolo a Dott.ssa Alessandra Barone<\/li><li>scuola media - Dott.ssa Giulia Grasso<\/li><\/ul><\/div><div style=\"color: white; padding-top: 0px; padding-bottom: 50px;\">Previo accordo, \u00e8 possibile iscriversi ai corsi anche dopo l'inizio dell'anno scolastico.<\/div><\/div>\t\t\t\t\t\t\t\t<\/div>\n\t\t\t\t<\/div>\n\t\t\t\t<div class=\"elementor-element elementor-element-ffbfcd2 elementor-align-center elementor-widget-mobile__width-inherit elementor-invisible elementor-widget elementor-widget-button\" data-id=\"ffbfcd2\" data-element_type=\"widget\" data-settings=\"{&quot;_animation&quot;:&quot;fadeInDown&quot;}\" data-widget_type=\"button.default\">\n\t\t\t\t<div class=\"elementor-widget-container\">\n\t\t\t\t\t\t\t\t\t<div class=\"elementor-button-wrapper\">\n\t\t\t\t\t<a class=\"elementor-button elementor-button-link elementor-size-sm\" href=\"https:\/\/scuolaitaliana.cz\/it\/membership\/#ziskat-clenstvi\" id=\"detail-clenstvi\">\n\t\t\t\t\t\t<span class=\"elementor-button-content-wrapper\">\n\t\t\t\t\t\t\t\t\t<span class=\"elementor-button-text\">Dettagli<\/span>\n\t\t\t\t\t<\/span>\n\t\t\t\t\t<\/a>\n\t\t\t\t<\/div>\n\t\t\t\t\t\t\t\t<\/div>\n\t\t\t\t<\/div>\n\t\t\t\t<\/div>\n\t\t<div class=\"elementor-element elementor-element-f2612f7 e-con-full e-flex e-con e-child\" data-id=\"f2612f7\" data-element_type=\"container\" data-settings=\"{&quot;background_background&quot;:&quot;classic&quot;}\">\n\t\t\t\t<div class=\"elementor-element elementor-element-2343535 elementor-widget elementor-widget-image\" data-id=\"2343535\" data-element_type=\"widget\" data-widget_type=\"image.default\">\n\t\t\t\t<div class=\"elementor-widget-container\">\n\t\t\t\t\t\t\t\t\t\t\t\t\t\t\t<img decoding=\"async\" width=\"600\" height=\"500\" src=\"https:\/\/scuolaitaliana.cz\/wp-content\/uploads\/2025\/04\/individual-600x500-1.jpg\" class=\"attachment-large size-large wp-image-870\" alt=\"\" srcset=\"https:\/\/scuolaitaliana.cz\/wp-content\/uploads\/2025\/04\/individual-600x500-1.jpg 600w, https:\/\/scuolaitaliana.cz\/wp-content\/uploads\/2025\/04\/individual-600x500-1-300x250.jpg 300w\" sizes=\"(max-width: 600px) 100vw, 600px\" \/>\t\t\t\t\t\t\t\t\t\t\t\t\t\t\t<\/div>\n\t\t\t\t<\/div>\n\t\t\t\t<div class=\"elementor-element elementor-element-6bd0780 elementor-widget elementor-widget-text-editor\" data-id=\"6bd0780\" data-element_type=\"widget\" data-widget_type=\"text-editor.default\">\n\t\t\t\t<div class=\"elementor-widget-container\">\n\t\t\t\t\t\t\t\t\t<div style=\"margin-top: 5px; font-size: 16px; padding-left: 40px; padding-right: 40px;\"><div style=\"color: white; font-weight: 600; font-size: 22px; line-height: 28px;\">Lezioni individuali in presenza e online<\/div><div style=\"color: white; font-weight: 600; padding-top: 10px;\">\u00a0<\/div><div style=\"color: white; margin-top: -5px;\">Possibilit\u00e0 di pacchetti personalizzati di lezioni di grammatica e letteratura italiana, storia e geografia online e in presenza in orari concordati.<\/div><\/div>\t\t\t\t\t\t\t\t<\/div>\n\t\t\t\t<\/div>\n\t\t\t\t<div class=\"elementor-element elementor-element-fe14d63 elementor-align-center elementor-widget-mobile__width-inherit elementor-invisible elementor-widget elementor-widget-button\" data-id=\"fe14d63\" data-element_type=\"widget\" data-settings=\"{&quot;_animation&quot;:&quot;fadeInDown&quot;}\" data-widget_type=\"button.default\">\n\t\t\t\t<div class=\"elementor-widget-container\">\n\t\t\t\t\t\t\t\t\t<div class=\"elementor-button-wrapper\">\n\t\t\t\t\t<a class=\"elementor-button elementor-button-link elementor-size-sm\" href=\"https:\/\/scuolaitaliana.cz\/it\/membership\/#ziskat-clenstvi\" id=\"detail-clenstvi\">\n\t\t\t\t\t\t<span class=\"elementor-button-content-wrapper\">\n\t\t\t\t\t\t\t\t\t<span class=\"elementor-button-text\">Dettagli<\/span>\n\t\t\t\t\t<\/span>\n\t\t\t\t\t<\/a>\n\t\t\t\t<\/div>\n\t\t\t\t\t\t\t\t<\/div>\n\t\t\t\t<\/div>\n\t\t\t\t<\/div>\n\t\t\t\t<\/div>\n\t\t\t\t\t<\/div>\n\t\t\t\t<\/div>\n\t\t<div class=\"elementor-element elementor-element-9b4870d e-flex e-con-boxed e-con e-parent\" data-id=\"9b4870d\" data-element_type=\"container\" data-settings=\"{&quot;background_background&quot;:&quot;classic&quot;}\">\n\t\t\t\t\t<div class=\"e-con-inner\">\n\t\t\t\t<div class=\"elementor-element elementor-element-8b2de22 elementor-align-center elementor-widget-mobile__width-inherit elementor-invisible elementor-widget elementor-widget-button\" data-id=\"8b2de22\" data-element_type=\"widget\" data-settings=\"{&quot;_animation&quot;:&quot;fadeInDown&quot;}\" data-widget_type=\"button.default\">\n\t\t\t\t<div class=\"elementor-widget-container\">\n\t\t\t\t\t\t\t\t\t<div class=\"elementor-button-wrapper\">\n\t\t\t\t\t<a class=\"elementor-button elementor-button-link elementor-size-sm\" href=\"https:\/\/scuolaitaliana.cz\/it\/membership\/#ziskat-clenstvi\">\n\t\t\t\t\t\t<span class=\"elementor-button-content-wrapper\">\n\t\t\t\t\t\t\t\t\t<span class=\"elementor-button-text\">Iscrizioni<\/span>\n\t\t\t\t\t<\/span>\n\t\t\t\t\t<\/a>\n\t\t\t\t<\/div>\n\t\t\t\t\t\t\t\t<\/div>\n\t\t\t\t<\/div>\n\t\t\t\t\t<\/div>\n\t\t\t\t<\/div>\n\t\t<div class=\"elementor-element elementor-element-c744b98 full-width-background e-flex e-con-boxed e-con e-parent\" data-id=\"c744b98\" data-element_type=\"container\" data-settings=\"{&quot;background_background&quot;:&quot;classic&quot;}\">\n\t\t\t\t\t<div class=\"e-con-inner\">\n\t\t\t\t<div class=\"elementor-element elementor-element-0a3fb2b elementor-widget elementor-widget-heading\" data-id=\"0a3fb2b\" data-element_type=\"widget\" data-widget_type=\"heading.default\">\n\t\t\t\t<div class=\"elementor-widget-container\">\n\t\t\t\t\t<h3 class=\"elementor-heading-title elementor-size-default\">Perch\u00e9 iscrivere i vostri bambini alla nostra scuola?<\/h3>\t\t\t\t<\/div>\n\t\t\t\t<\/div>\n\t\t\t\t<div class=\"elementor-element elementor-element-57433ff elementor-widget elementor-widget-text-editor\" data-id=\"57433ff\" data-element_type=\"widget\" data-widget_type=\"text-editor.default\">\n\t\t\t\t<div class=\"elementor-widget-container\">\n\t\t\t\t\t\t\t\t\t<p>Le metodologie didattiche si basano su un approccio esperienziale e ludico, che valorizza il gioco, l'esplorazione e la vita di relazione.\nI bambini che frequentano un ambiente stimolante, in cui si legge, si esplorano libri, si canta, si gioca con le parole arrivano alla scuola primaria con un bagaglio di esperienze che facilitano l\u2019apprendimento.<\/p>\t\t\t\t\t\t\t\t<\/div>\n\t\t\t\t<\/div>\n\t\t<div class=\"elementor-element elementor-element-a8f848c e-con-full e-flex e-con e-child\" data-id=\"a8f848c\" data-element_type=\"container\">\n\t\t<div class=\"elementor-element elementor-element-5f0303f e-con-full e-flex e-con e-child\" data-id=\"5f0303f\" data-element_type=\"container\">\n\t\t\t\t<div class=\"elementor-element elementor-element-3bbeab9 elementor-view-default elementor-widget elementor-widget-icon\" data-id=\"3bbeab9\" data-element_type=\"widget\" data-widget_type=\"icon.default\">\n\t\t\t\t<div class=\"elementor-widget-container\">\n\t\t\t\t\t\t\t<div class=\"elementor-icon-wrapper\">\n\t\t\t<div class=\"elementor-icon\">\n\t\t\t<svg aria-hidden=\"true\" class=\"e-font-icon-svg e-fab-leanpub\" viewbox=\"0 0 576 512\" xmlns=\"http:\/\/www.w3.org\/2000\/svg\"><path d=\"M386.539 111.485l15.096 248.955-10.979-.275c-36.232-.824-71.64 8.783-102.657 27.997-31.016-19.214-66.424-27.997-102.657-27.997-45.564 0-82.07 10.705-123.516 27.723L93.117 129.6c28.546-11.803 61.484-18.115 92.226-18.115 41.173 0 73.836 13.175 102.657 42.544 27.723-28.271 59.013-41.721 98.539-42.544zM569.07 448c-25.526 0-47.485-5.215-70.542-15.645-34.31-15.645-69.993-24.978-107.871-24.978-38.977 0-74.934 12.901-102.657 40.623-27.723-27.723-63.68-40.623-102.657-40.623-37.878 0-73.561 9.333-107.871 24.978C55.239 442.236 32.731 448 8.303 448H6.93L49.475 98.859C88.726 76.626 136.486 64 181.775 64 218.83 64 256.984 71.685 288 93.095 319.016 71.685 357.17 64 394.225 64c45.289 0 93.049 12.626 132.3 34.859L569.07 448zm-43.368-44.741l-34.036-280.246c-30.742-13.999-67.248-21.41-101.009-21.41-38.428 0-74.385 12.077-102.657 38.702-28.272-26.625-64.228-38.702-102.657-38.702-33.761 0-70.267 7.411-101.009 21.41L50.298 403.259c47.211-19.487 82.894-33.486 135.045-33.486 37.604 0 70.817 9.606 102.657 29.644 31.84-20.038 65.052-29.644 102.657-29.644 52.151 0 87.834 13.999 135.045 33.486z\"><\/path><\/svg>\t\t\t<\/div>\n\t\t<\/div>\n\t\t\t\t\t\t<\/div>\n\t\t\t\t<\/div>\n\t\t\t\t<div class=\"elementor-element elementor-element-63eb300 elementor-widget__width-initial elementor-widget elementor-widget-icon-box\" data-id=\"63eb300\" data-element_type=\"widget\" data-widget_type=\"icon-box.default\">\n\t\t\t\t<div class=\"elementor-widget-container\">\n\t\t\t\t\t\t\t<div class=\"elementor-icon-box-wrapper\">\n\n\t\t\t\n\t\t\t\t\t\t<div class=\"elementor-icon-box-content\">\n\n\t\t\t\t\t\t\t\t\t<h4 class=\"elementor-icon-box-title\">\n\t\t\t\t\t\t<span  >\n\t\t\t\t\t\t\tCalendario dei corsi\t\t\t\t\t\t<\/span>\n\t\t\t\t\t<\/h4>\n\t\t\t\t\n\t\t\t\t\t\t\t\t\t<p class=\"elementor-icon-box-description\">\n\t\t\t\t\t\tI corsi si svolgono ogni anno da settembre a giugno e durano 150 ore per ogni classe, suddivise in due lezioni settimanali di due ore ciascuna.\t\t\t\t\t<\/p>\n\t\t\t\t\n\t\t\t<\/div>\n\t\t\t\n\t\t<\/div>\n\t\t\t\t\t\t<\/div>\n\t\t\t\t<\/div>\n\t\t\t\t<\/div>\n\t\t<div class=\"elementor-element elementor-element-b5bbc9d e-con-full e-flex e-con e-child\" data-id=\"b5bbc9d\" data-element_type=\"container\">\n\t\t\t\t<div class=\"elementor-element elementor-element-082b0bb elementor-view-default elementor-widget elementor-widget-icon\" data-id=\"082b0bb\" data-element_type=\"widget\" data-widget_type=\"icon.default\">\n\t\t\t\t<div class=\"elementor-widget-container\">\n\t\t\t\t\t\t\t<div class=\"elementor-icon-wrapper\">\n\t\t\t<div class=\"elementor-icon\">\n\t\t\t<svg aria-hidden=\"true\" class=\"e-font-icon-svg e-fas-bus\" viewbox=\"0 0 512 512\" xmlns=\"http:\/\/www.w3.org\/2000\/svg\"><path d=\"M488 128h-8V80c0-44.8-99.2-80-224-80S32 35.2 32 80v48h-8c-13.25 0-24 10.74-24 24v80c0 13.25 10.75 24 24 24h8v160c0 17.67 14.33 32 32 32v32c0 17.67 14.33 32 32 32h32c17.67 0 32-14.33 32-32v-32h192v32c0 17.67 14.33 32 32 32h32c17.67 0 32-14.33 32-32v-32h6.4c16 0 25.6-12.8 25.6-25.6V256h8c13.25 0 24-10.75 24-24v-80c0-13.26-10.75-24-24-24zM112 400c-17.67 0-32-14.33-32-32s14.33-32 32-32 32 14.33 32 32-14.33 32-32 32zm16-112c-17.67 0-32-14.33-32-32V128c0-17.67 14.33-32 32-32h256c17.67 0 32 14.33 32 32v128c0 17.67-14.33 32-32 32H128zm272 112c-17.67 0-32-14.33-32-32s14.33-32 32-32 32 14.33 32 32-14.33 32-32 32z\"><\/path><\/svg>\t\t\t<\/div>\n\t\t<\/div>\n\t\t\t\t\t\t<\/div>\n\t\t\t\t<\/div>\n\t\t\t\t<div class=\"elementor-element elementor-element-74be719 elementor-widget__width-initial elementor-widget elementor-widget-icon-box\" data-id=\"74be719\" data-element_type=\"widget\" data-widget_type=\"icon-box.default\">\n\t\t\t\t<div class=\"elementor-widget-container\">\n\t\t\t\t\t\t\t<div class=\"elementor-icon-box-wrapper\">\n\n\t\t\t\n\t\t\t\t\t\t<div class=\"elementor-icon-box-content\">\n\n\t\t\t\t\t\t\t\t\t<h4 class=\"elementor-icon-box-title\">\n\t\t\t\t\t\t<span  >\n\t\t\t\t\t\t\tProgramma extrascolastico\t\t\t\t\t\t<\/span>\n\t\t\t\t\t<\/h4>\n\t\t\t\t\n\t\t\t\t\t\t\t\t\t<p class=\"elementor-icon-box-description\">\n\t\t\t\t\t\tOltre alle regolari attivit\u00e0 didattiche, l'Istituto propone agli studenti escursioni guidate alla scoperta di luoghi o mostre di interesse per la presenza artistica o storica italiana.\t\t\t\t\t<\/p>\n\t\t\t\t\n\t\t\t<\/div>\n\t\t\t\n\t\t<\/div>\n\t\t\t\t\t\t<\/div>\n\t\t\t\t<\/div>\n\t\t\t\t<\/div>\n\t\t<div class=\"elementor-element elementor-element-5403e05 e-con-full e-flex e-con e-child\" data-id=\"5403e05\" data-element_type=\"container\">\n\t\t\t\t<div class=\"elementor-element elementor-element-7c7e96b elementor-view-default elementor-widget elementor-widget-icon\" data-id=\"7c7e96b\" data-element_type=\"widget\" data-widget_type=\"icon.default\">\n\t\t\t\t<div class=\"elementor-widget-container\">\n\t\t\t\t\t\t\t<div class=\"elementor-icon-wrapper\">\n\t\t\t<div class=\"elementor-icon\">\n\t\t\t<svg aria-hidden=\"true\" class=\"e-font-icon-svg e-fas-check-square\" viewbox=\"0 0 448 512\" xmlns=\"http:\/\/www.w3.org\/2000\/svg\"><path d=\"M400 480H48c-26.51 0-48-21.49-48-48V80c0-26.51 21.49-48 48-48h352c26.51 0 48 21.49 48 48v352c0 26.51-21.49 48-48 48zm-204.686-98.059l184-184c6.248-6.248 6.248-16.379 0-22.627l-22.627-22.627c-6.248-6.248-16.379-6.249-22.628 0L184 302.745l-70.059-70.059c-6.248-6.248-16.379-6.248-22.628 0l-22.627 22.627c-6.248 6.248-6.248 16.379 0 22.627l104 104c6.249 6.25 16.379 6.25 22.628.001z\"><\/path><\/svg>\t\t\t<\/div>\n\t\t<\/div>\n\t\t\t\t\t\t<\/div>\n\t\t\t\t<\/div>\n\t\t\t\t<div class=\"elementor-element elementor-element-8b4d714 elementor-widget__width-initial elementor-widget elementor-widget-icon-box\" data-id=\"8b4d714\" data-element_type=\"widget\" data-widget_type=\"icon-box.default\">\n\t\t\t\t<div class=\"elementor-widget-container\">\n\t\t\t\t\t\t\t<div class=\"elementor-icon-box-wrapper\">\n\n\t\t\t\n\t\t\t\t\t\t<div class=\"elementor-icon-box-content\">\n\n\t\t\t\t\t\t\t\t\t<h4 class=\"elementor-icon-box-title\">\n\t\t\t\t\t\t<span  >\n\t\t\t\t\t\t\tCertificato\t\t\t\t\t\t<\/span>\n\t\t\t\t\t<\/h4>\n\t\t\t\t\n\t\t\t\t\t\t\t\t\t<p class=\"elementor-icon-box-description\">\n\t\t\t\t\t\tAl termine di ogni anno scolastico, gli studenti che hanno frequentato i corsi ricevono un attestato di valutazione valido per proseguire il percorso scolastico in Italia senza dover sostenere ulteriori esami di ammissione.\t\t\t\t\t<\/p>\n\t\t\t\t\n\t\t\t<\/div>\n\t\t\t\n\t\t<\/div>\n\t\t\t\t\t\t<\/div>\n\t\t\t\t<\/div>\n\t\t\t\t<\/div>\n\t\t\t\t<\/div>\n\t\t\t\t\t<\/div>\n\t\t\t\t<\/div>\n\t\t<div class=\"elementor-element elementor-element-4d2a06e e-flex e-con-boxed e-con e-parent\" data-id=\"4d2a06e\" data-element_type=\"container\" data-settings=\"{&quot;background_background&quot;:&quot;classic&quot;}\">\n\t\t\t\t\t<div class=\"e-con-inner\">\n\t\t<div class=\"elementor-element elementor-element-ec7d728 e-con-full e-flex e-con e-child\" data-id=\"ec7d728\" data-element_type=\"container\">\n\t\t\t\t<div class=\"elementor-element elementor-element-c8ca78d elementor-invisible elementor-widget elementor-widget-heading\" data-id=\"c8ca78d\" data-element_type=\"widget\" id=\"get-membership\" data-settings=\"{&quot;_animation&quot;:&quot;fadeIn&quot;}\" data-widget_type=\"heading.default\">\n\t\t\t\t<div class=\"elementor-widget-container\">\n\t\t\t\t\t<h1 class=\"elementor-heading-title elementor-size-default\">Iscrizione alla scuola<\/h1>\t\t\t\t<\/div>\n\t\t\t\t<\/div>\n\t\t\t\t<\/div>\n\t\t<div class=\"elementor-element elementor-element-929ed76 e-con-full e-flex e-con e-child\" data-id=\"929ed76\" data-element_type=\"container\">\n\t\t\t\t<div class=\"elementor-element elementor-element-46332c0 elementor-widget elementor-widget-heading\" data-id=\"46332c0\" data-element_type=\"widget\" data-widget_type=\"heading.default\">\n\t\t\t\t<div class=\"elementor-widget-container\">\n\t\t\t\t\t<h5 class=\"elementor-heading-title elementor-size-default\">La retta scolastica del bambino corrisponde alla quota associativa.<\/h5>\t\t\t\t<\/div>\n\t\t\t\t<\/div>\n\t\t\t\t<div class=\"elementor-element elementor-element-f9ab274 elementor-widget elementor-widget-heading\" data-id=\"f9ab274\" data-element_type=\"widget\" data-widget_type=\"heading.default\">\n\t\t\t\t<div class=\"elementor-widget-container\">\n\t\t\t\t\t<h5 class=\"elementor-heading-title elementor-size-default\">Segui queste istruzioni:<\/h5>\t\t\t\t<\/div>\n\t\t\t\t<\/div>\n\t\t\t\t<div class=\"elementor-element elementor-element-6c60680 elementor-icon-list--layout-traditional elementor-list-item-link-full_width elementor-widget elementor-widget-icon-list\" data-id=\"6c60680\" data-element_type=\"widget\" data-widget_type=\"icon-list.default\">\n\t\t\t\t<div class=\"elementor-widget-container\">\n\t\t\t\t\t\t\t<ul class=\"elementor-icon-list-items\">\n\t\t\t\t\t\t\t<li class=\"elementor-icon-list-item\">\n\t\t\t\t\t\t\t\t\t\t\t<span class=\"elementor-icon-list-icon\">\n\t\t\t\t\t\t\t<svg aria-hidden=\"true\" class=\"e-font-icon-svg e-fas-chevron-right\" viewbox=\"0 0 320 512\" xmlns=\"http:\/\/www.w3.org\/2000\/svg\"><path d=\"M285.476 272.971L91.132 467.314c-9.373 9.373-24.569 9.373-33.941 0l-22.667-22.667c-9.357-9.357-9.375-24.522-.04-33.901L188.505 256 34.484 101.255c-9.335-9.379-9.317-24.544.04-33.901l22.667-22.667c9.373-9.373 24.569-9.373 33.941 0L285.475 239.03c9.373 9.372 9.373 24.568.001 33.941z\"><\/path><\/svg>\t\t\t\t\t\t<\/span>\n\t\t\t\t\t\t\t\t\t\t<span class=\"elementor-icon-list-text\"><div style=\"display: flex;flex-direction:row;\">     <span style=\"padding-right: 10px;\">Scarica il modulo d'iscrizione <\/span>     <span style=\"color: #014a7a; text-decoration: underline; cursor: pointer;\">         <a href=\"https:\/\/scuolaitaliana.cz\/wp-content\/uploads\/2025\/03\/Scheda-di-adesione-cz-it.pdf\">qui<\/a>     <\/span> <\/div><\/span>\n\t\t\t\t\t\t\t\t\t<\/li>\n\t\t\t\t\t\t\t\t<li class=\"elementor-icon-list-item\">\n\t\t\t\t\t\t\t\t\t\t\t<span class=\"elementor-icon-list-icon\">\n\t\t\t\t\t\t\t<svg aria-hidden=\"true\" class=\"e-font-icon-svg e-fas-chevron-right\" viewbox=\"0 0 320 512\" xmlns=\"http:\/\/www.w3.org\/2000\/svg\"><path d=\"M285.476 272.971L91.132 467.314c-9.373 9.373-24.569 9.373-33.941 0l-22.667-22.667c-9.357-9.357-9.375-24.522-.04-33.901L188.505 256 34.484 101.255c-9.335-9.379-9.317-24.544.04-33.901l22.667-22.667c9.373-9.373 24.569-9.373 33.941 0L285.475 239.03c9.373 9.372 9.373 24.568.001 33.941z\"><\/path><\/svg>\t\t\t\t\t\t<\/span>\n\t\t\t\t\t\t\t\t\t\t<span class=\"elementor-icon-list-text\"><div style=\"display: flex;flex-direction:row;\"><\/div> <span style=\"padding-right: 7px;\">Compila il modulo d'iscrizione e invialo a <\/span> <span><a href=\"mailto:\"corsi@scuolaitaliana.cz\" style=\"cursor: pointer; color: #014a7a; text-decoration: underline;\">corsi@scuolaitaliana.cz<\/a> <\/span> <\/div><\/span>\n\t\t\t\t\t\t\t\t\t<\/li>\n\t\t\t\t\t\t\t\t<li class=\"elementor-icon-list-item\">\n\t\t\t\t\t\t\t\t\t\t\t<span class=\"elementor-icon-list-icon\">\n\t\t\t\t\t\t\t<svg aria-hidden=\"true\" class=\"e-font-icon-svg e-fas-chevron-right\" viewbox=\"0 0 320 512\" xmlns=\"http:\/\/www.w3.org\/2000\/svg\"><path d=\"M285.476 272.971L91.132 467.314c-9.373 9.373-24.569 9.373-33.941 0l-22.667-22.667c-9.357-9.357-9.375-24.522-.04-33.901L188.505 256 34.484 101.255c-9.335-9.379-9.317-24.544.04-33.901l22.667-22.667c9.373-9.373 24.569-9.373 33.941 0L285.475 239.03c9.373 9.372 9.373 24.568.001 33.941z\"><\/path><\/svg>\t\t\t\t\t\t<\/span>\n\t\t\t\t\t\t\t\t\t\t<span class=\"elementor-icon-list-text\">Una volta ricevuto il modulo di iscrizione, ti contatteremo per fornirti ulteriori informazioni.<\/span>\n\t\t\t\t\t\t\t\t\t<\/li>\n\t\t\t\t\t\t<\/ul>\n\t\t\t\t\t\t<\/div>\n\t\t\t\t<\/div>\n\t\t\t\t<\/div>\n\t\t\t\t\t<\/div>\n\t\t\t\t<\/div>\n\t\t\t\t<\/div>","protected":false},"excerpt":{"rendered":"<p>Kurzy Vyberte si ze t\u0159\u00ed typ\u016f kurz\u016f, kter\u00e9 nab\u00edz\u00edme Mate\u0159sk\u00e1 \u0161kolam\u00edsto kon\u00e1n\u00ed:Ha\u0161talsk\u00e1 757\/21, 110 00 Praha 1\u010das:v p\u00e1tek od 16:00 do 18:00u\u010ditel\u00e9:Dott.ssa Alessandra Barone a Dott.ssa Claudia CiminiPo p\u0159edchoz\u00ed dohod\u011b je mo\u017en\u00e9 zapsat se do kurz\u016f i po za\u010d\u00e1tku \u0161koln\u00edho roku. Detail Z\u00e1kladn\u00ed a ni\u017e\u0161\u00ed stupe\u0148 st\u0159edn\u00ed \u0161kolym\u00edsto kon\u00e1n\u00ed:Letensk\u00e9m n\u00e1m. 1, 170 00 Praha 7\u010das:v [&hellip;]<\/p>","protected":false},"author":1,"featured_media":0,"parent":0,"menu_order":0,"comment_status":"closed","ping_status":"closed","template":"","meta":{"footnotes":""},"class_list":["post-417","page","type-page","status-publish","hentry","entry"],"_links":{"self":[{"href":"https:\/\/scuolaitaliana.cz\/it\/wp-json\/wp\/v2\/pages\/417","targetHints":{"allow":["GET"]}}],"collection":[{"href":"https:\/\/scuolaitaliana.cz\/it\/wp-json\/wp\/v2\/pages"}],"about":[{"href":"https:\/\/scuolaitaliana.cz\/it\/wp-json\/wp\/v2\/types\/page"}],"author":[{"embeddable":true,"href":"https:\/\/scuolaitaliana.cz\/it\/wp-json\/wp\/v2\/users\/1"}],"replies":[{"embeddable":true,"href":"https:\/\/scuolaitaliana.cz\/it\/wp-json\/wp\/v2\/comments?post=417"}],"version-history":[{"count":133,"href":"https:\/\/scuolaitaliana.cz\/it\/wp-json\/wp\/v2\/pages\/417\/revisions"}],"predecessor-version":[{"id":1174,"href":"https:\/\/scuolaitaliana.cz\/it\/wp-json\/wp\/v2\/pages\/417\/revisions\/1174"}],"wp:attachment":[{"href":"https:\/\/scuolaitaliana.cz\/it\/wp-json\/wp\/v2\/media?parent=417"}],"curies":[{"name":"wp","href":"https:\/\/api.w.org\/{rel}","templated":true}]}}